{"id":22858,"date":"2023-11-17T07:38:45","date_gmt":"2023-11-17T07:38:45","guid":{"rendered":"https:\/\/www.factory-ingenierie.re\/?page_id=22858"},"modified":"2024-05-21T07:08:36","modified_gmt":"2024-05-21T07:08:36","slug":"politique_de_confidentialite","status":"publish","type":"page","link":"https:\/\/www.factory-ingenierie.re\/en\/politique_de_confidentialite\/","title":{"rendered":"Privacy Policy"},"content":{"rendered":"<div data-elementor-type=\"wp-page\" data-elementor-id=\"22858\" class=\"elementor elementor-22858\" data-elementor-post-type=\"page\">\r\n\t\t\t\t\t\t\t<div class=\"elementor-element elementor-element-e25a6ec e-flex e-con-boxed e-con e-parent\" data-id=\"e25a6ec\" data-element_type=\"container\" data-settings=\"{&quot;background_background&quot;:&quot;classic&quot;,&quot;content_width&quot;:&quot;boxed&quot;}\" data-core-v316-plus=\"true\">\r\n\t\t\t\t\t<div class=\"e-con-inner\">\r\n\t\t\t\t<div class=\"elementor-element elementor-element-3896bb7 elementor-widget elementor-widget-spacer\" data-id=\"3896bb7\" data-element_type=\"widget\" data-widget_type=\"spacer.default\">\r\n\t\t\t\t<div class=\"elementor-widget-container\">\r\n\t\t\t<style>\/*! elementor - v3.17.0 - 01-11-2023 *\/\n.elementor-column .elementor-spacer-inner{height:var(--spacer-size)}.e-con{--container-widget-width:100%}.e-con-inner>.elementor-widget-spacer,.e-con>.elementor-widget-spacer{width:var(--container-widget-width,var(--spacer-size));--align-self:var(--container-widget-align-self,initial);--flex-shrink:0}.e-con-inner>.elementor-widget-spacer>.elementor-widget-container,.e-con>.elementor-widget-spacer>.elementor-widget-container{height:100%;width:100%}.e-con-inner>.elementor-widget-spacer>.elementor-widget-container>.elementor-spacer,.e-con>.elementor-widget-spacer>.elementor-widget-container>.elementor-spacer{height:100%}.e-con-inner>.elementor-widget-spacer>.elementor-widget-container>.elementor-spacer>.elementor-spacer-inner,.e-con>.elementor-widget-spacer>.elementor-widget-container>.elementor-spacer>.elementor-spacer-inner{height:var(--container-widget-height,var(--spacer-size))}.e-con-inner>.elementor-widget-spacer.elementor-widget-empty,.e-con>.elementor-widget-spacer.elementor-widget-empty{position:relative;min-height:22px;min-width:22px}.e-con-inner>.elementor-widget-spacer.elementor-widget-empty .elementor-widget-empty-icon,.e-con>.elementor-widget-spacer.elementor-widget-empty .elementor-widget-empty-icon{position:absolute;top:0;bottom:0;left:0;right:0;margin:auto;padding:0;width:22px;height:22px}<\/style>\t\t<div class=\"elementor-spacer\">\r\n\t\t\t<div class=\"elementor-spacer-inner\"><\/div>\r\n\t\t<\/div>\r\n\t\t\t\t<\/div>\r\n\t\t\t\t<\/div>\r\n\t\t\t\t<div class=\"elementor-element elementor-element-746624e elementor-widget elementor-widget-heading\" data-id=\"746624e\" data-element_type=\"widget\" data-widget_type=\"heading.default\">\r\n\t\t\t\t<div class=\"elementor-widget-container\">\r\n\t\t\t<style>\/*! elementor - v3.17.0 - 01-11-2023 *\/\n.elementor-heading-title{padding:0;margin:0;line-height:1}.elementor-widget-heading .elementor-heading-title[class*=elementor-size-]>a{color:inherit;font-size:inherit;line-height:inherit}.elementor-widget-heading .elementor-heading-title.elementor-size-small{font-size:15px}.elementor-widget-heading .elementor-heading-title.elementor-size-medium{font-size:19px}.elementor-widget-heading .elementor-heading-title.elementor-size-large{font-size:29px}.elementor-widget-heading .elementor-heading-title.elementor-size-xl{font-size:39px}.elementor-widget-heading .elementor-heading-title.elementor-size-xxl{font-size:59px}<\/style><h1 class=\"elementor-heading-title elementor-size-default\">Privacy Policy<\/h1>\t\t<\/div>\r\n\t\t\t\t<\/div>\r\n\t\t\t\t<div class=\"elementor-element elementor-element-90a1d11 elementor-widget-divider--view-line elementor-widget elementor-widget-divider\" data-id=\"90a1d11\" data-element_type=\"widget\" data-widget_type=\"divider.default\">\r\n\t\t\t\t<div class=\"elementor-widget-container\">\r\n\t\t\t<style>\/*! elementor - v3.17.0 - 01-11-2023 *\/\n.elementor-widget-divider{--divider-border-style:none;--divider-border-width:1px;--divider-color:#0c0d0e;--divider-icon-size:20px;--divider-element-spacing:10px;--divider-pattern-height:24px;--divider-pattern-size:20px;--divider-pattern-url:none;--divider-pattern-repeat:repeat-x}.elementor-widget-divider .elementor-divider{display:flex}.elementor-widget-divider .elementor-divider__text{font-size:15px;line-height:1;max-width:95%}.elementor-widget-divider .elementor-divider__element{margin:0 var(--divider-element-spacing);flex-shrink:0}.elementor-widget-divider .elementor-icon{font-size:var(--divider-icon-size)}.elementor-widget-divider .elementor-divider-separator{display:flex;margin:0;direction:ltr}.elementor-widget-divider--view-line_icon .elementor-divider-separator,.elementor-widget-divider--view-line_text .elementor-divider-separator{align-items:center}.elementor-widget-divider--view-line_icon .elementor-divider-separator:after,.elementor-widget-divider--view-line_icon .elementor-divider-separator:before,.elementor-widget-divider--view-line_text .elementor-divider-separator:after,.elementor-widget-divider--view-line_text .elementor-divider-separator:before{display:block;content:\"\";border-bottom:0;flex-grow:1;border-top:var(--divider-border-width) var(--divider-border-style) var(--divider-color)}.elementor-widget-divider--element-align-left .elementor-divider .elementor-divider-separator>.elementor-divider__svg:first-of-type{flex-grow:0;flex-shrink:100}.elementor-widget-divider--element-align-left .elementor-divider-separator:before{content:none}.elementor-widget-divider--element-align-left .elementor-divider__element{margin-left:0}.elementor-widget-divider--element-align-right .elementor-divider .elementor-divider-separator>.elementor-divider__svg:last-of-type{flex-grow:0;flex-shrink:100}.elementor-widget-divider--element-align-right .elementor-divider-separator:after{content:none}.elementor-widget-divider--element-align-right .elementor-divider__element{margin-right:0}.elementor-widget-divider:not(.elementor-widget-divider--view-line_text):not(.elementor-widget-divider--view-line_icon) .elementor-divider-separator{border-top:var(--divider-border-width) var(--divider-border-style) var(--divider-color)}.elementor-widget-divider--separator-type-pattern{--divider-border-style:none}.elementor-widget-divider--separator-type-pattern.elementor-widget-divider--view-line .elementor-divider-separator,.elementor-widget-divider--separator-type-pattern:not(.elementor-widget-divider--view-line) .elementor-divider-separator:after,.elementor-widget-divider--separator-type-pattern:not(.elementor-widget-divider--view-line) .elementor-divider-separator:before,.elementor-widget-divider--separator-type-pattern:not([class*=elementor-widget-divider--view]) .elementor-divider-separator{width:100%;min-height:var(--divider-pattern-height);-webkit-mask-size:var(--divider-pattern-size) 100%;mask-size:var(--divider-pattern-size) 100%;-webkit-mask-repeat:var(--divider-pattern-repeat);mask-repeat:var(--divider-pattern-repeat);background-color:var(--divider-color);-webkit-mask-image:var(--divider-pattern-url);mask-image:var(--divider-pattern-url)}.elementor-widget-divider--no-spacing{--divider-pattern-size:auto}.elementor-widget-divider--bg-round{--divider-pattern-repeat:round}.rtl .elementor-widget-divider .elementor-divider__text{direction:rtl}.e-con-inner>.elementor-widget-divider,.e-con>.elementor-widget-divider{width:var(--container-widget-width,100%);--flex-grow:var(--container-widget-flex-grow)}<\/style>\t\t<div class=\"elementor-divider\">\r\n\t\t\t<span class=\"elementor-divider-separator\">\r\n\t\t\t\t\t\t<\/span>\r\n\t\t<\/div>\r\n\t\t\t\t<\/div>\r\n\t\t\t\t<\/div>\r\n\t\t\t\t<div class=\"elementor-element elementor-element-cc0af91 elementor-widget elementor-widget-spacer\" data-id=\"cc0af91\" data-element_type=\"widget\" data-widget_type=\"spacer.default\">\r\n\t\t\t\t<div class=\"elementor-widget-container\">\r\n\t\t\t\t\t<div class=\"elementor-spacer\">\r\n\t\t\t<div class=\"elementor-spacer-inner\"><\/div>\r\n\t\t<\/div>\r\n\t\t\t\t<\/div>\r\n\t\t\t\t<\/div>\r\n\t\t\t\t\t<\/div>\r\n\t\t\t\t<\/div>\r\n\t\t<div class=\"elementor-element elementor-element-b2d953f e-flex e-con-boxed e-con e-parent\" data-id=\"b2d953f\" data-element_type=\"container\" data-settings=\"{&quot;content_width&quot;:&quot;boxed&quot;}\" data-core-v316-plus=\"true\">\r\n\t\t\t\t\t<div class=\"e-con-inner\">\r\n\t\t\t\t<div class=\"elementor-element elementor-element-8c33f62 elementor-widget elementor-widget-spacer\" data-id=\"8c33f62\" data-element_type=\"widget\" data-widget_type=\"spacer.default\">\r\n\t\t\t\t<div class=\"elementor-widget-container\">\r\n\t\t\t\t\t<div class=\"elementor-spacer\">\r\n\t\t\t<div class=\"elementor-spacer-inner\"><\/div>\r\n\t\t<\/div>\r\n\t\t\t\t<\/div>\r\n\t\t\t\t<\/div>\r\n\t\t\t\t<div class=\"elementor-element elementor-element-8af09fc elementor-widget elementor-widget-text-editor\" data-id=\"8af09fc\" data-element_type=\"widget\" data-widget_type=\"text-editor.default\">\r\n\t\t\t\t<div class=\"elementor-widget-container\">\r\n\t\t\t<style>\/*! elementor - v3.17.0 - 01-11-2023 *\/\n.elementor-widget-text-editor.elementor-drop-cap-view-stacked .elementor-drop-cap{background-color:#69727d;color:#fff}.elementor-widget-text-editor.elementor-drop-cap-view-framed .elementor-drop-cap{color:#69727d;border:3px solid;background-color:transparent}.elementor-widget-text-editor:not(.elementor-drop-cap-view-default) .elementor-drop-cap{margin-top:8px}.elementor-widget-text-editor:not(.elementor-drop-cap-view-default) .elementor-drop-cap-letter{width:1em;height:1em}.elementor-widget-text-editor .elementor-drop-cap{float:left;text-align:center;line-height:1;font-size:50px}.elementor-widget-text-editor .elementor-drop-cap-letter{display:inline-block}<\/style>\t\t\t\t<p><span class=\"ui-provider br bji axw bjj bjk bjl bjm bjn bjo bjp bjq bjr bjs bjt bju bjv bjw bjx bjy bjz bka bkb bkc bkd bke bkf bkg bkh bki bkj bkk bkl bkm bkn bko\" dir=\"ltr\">Since May 25, 2018, the GDPR (General Data Protection Regulation), the\u00a0<a class=\"fui-Link ___10kug0w f3rmtva f1ewtqcl fyind8e f1k6fduh f1w7gpdv fk6fouc fjoy568 figsok6 f1hu3pq6 f11qmguv f19f4twv f1tyq0we f1g0x7ka fhxju0i f1qch9an f1cnd47f fqv5qza f1vmzxwi f1o700av f13mvf36 f1cmlufx f9n3di6 f1ids18y f1tx3yz7 f1deo86v f1eh06m1 f1iescvh fhgqx19 f1olyrje f1p93eir f1nev41a f1h8hb77 f1lqvz6u f10aw75t fsle3fq f17ae5zn\" title=\"https:\/\/eur-lex.europa.eu\/legal-content\/fr\/txt\/?uri=celex:32016r0679\" href=\"https:\/\/eur-lex.europa.eu\/legal-content\/FR\/TXT\/?uri=CELEX:32016R0679\" target=\"_blank\" rel=\"noreferrer noopener\" aria-label=\"Lien R\u00e8glement G\u00e9n\u00e9ral sur la Protection des Donn\u00e9es\">General Data Protection Regulation<\/a>, applies to all personal data processing of individuals from the European Union.<\/span><\/p>\t\t\t\t\t\t<\/div>\r\n\t\t\t\t<\/div>\r\n\t\t\t\t<div class=\"elementor-element elementor-element-9445e29 elementor-widget elementor-widget-heading\" data-id=\"9445e29\" data-element_type=\"widget\" data-widget_type=\"heading.default\">\r\n\t\t\t\t<div class=\"elementor-widget-container\">\r\n\t\t\t<h2 class=\"elementor-heading-title elementor-size-default\">Identity of the Data Controller<\/h2>\t\t<\/div>\r\n\t\t\t\t<\/div>\r\n\t\t\t\t<div class=\"elementor-element elementor-element-00197d5 elementor-widget elementor-widget-text-editor\" data-id=\"00197d5\" data-element_type=\"widget\" data-widget_type=\"text-editor.default\">\r\n\t\t\t\t<div class=\"elementor-widget-container\">\r\n\t\t\t\t\t\t\t<p><span class=\"ui-provider br bji axw bjj bjk bjl bjm bjn bjo bjp bjq bjr bjs bjt bju bjv bjw bjx bjy bjz bka bkb bkc bkd bke bkf bkg bkh bki bkj bkk bkl bkm bkn bko\" dir=\"ltr\">Personal data is collected by <strong>FACTORY engineering<\/strong>, a simplified joint-stock company (Soci\u00e9t\u00e9 par Actions Simplifi\u00e9e) with its registered office at 4 bis rue fond de G\u00e9n\u00e9r\u00e8se, 97435, Saint-Gilles Les Hauts, SIREN number 892883661, represented by Pierre LALLIS in his capacity as President.<\/span><\/p>\t\t\t\t\t\t<\/div>\r\n\t\t\t\t<\/div>\r\n\t\t\t\t<div class=\"elementor-element elementor-element-630be21 elementor-widget elementor-widget-heading\" data-id=\"630be21\" data-element_type=\"widget\" data-widget_type=\"heading.default\">\r\n\t\t\t\t<div class=\"elementor-widget-container\">\r\n\t\t\t<h2 class=\"elementor-heading-title elementor-size-default\">Transfer of personal data<\/h2>\t\t<\/div>\r\n\t\t\t\t<\/div>\r\n\t\t\t\t\t<\/div>\r\n\t\t\t\t<\/div>\r\n\t\t<div class=\"elementor-element elementor-element-525e7f6 e-flex e-con-boxed e-con e-parent\" data-id=\"525e7f6\" data-element_type=\"container\" data-settings=\"{&quot;content_width&quot;:&quot;boxed&quot;}\" data-core-v316-plus=\"true\">\r\n\t\t\t\t\t<div class=\"e-con-inner\">\r\n\t\t\t\t<div class=\"elementor-element elementor-element-7c056fc elementor-widget elementor-widget-text-editor\" data-id=\"7c056fc\" data-element_type=\"widget\" data-widget_type=\"text-editor.default\">\r\n\t\t\t\t<div class=\"elementor-widget-container\">\r\n\t\t\t\t\t\t\t<p><span class=\"ui-provider br bji axw bjj bjk bjl bjm bjn bjo bjp bjq bjr bjs bjt bju bjv bjw bjx bjy bjz bka bkb bkc bkd bke bkf bkg bkh bki bkj bkk bkl bkm bkn bko\" dir=\"ltr\">The personal data collected on the site are exclusively reserved for <strong>FACTORY engineering<\/strong>.<br \/>Furthermore,\u00a0<strong>FACTORY engineering<\/strong>\u00a0reserves the right to transfer the personal data of the individuals concerned in order to comply with its legal obligations, including if required by a court order.<br \/>As part of the operation of the site\u00a0<a class=\"fui-Link ___10kug0w f3rmtva f1ewtqcl fyind8e f1k6fduh f1w7gpdv fk6fouc fjoy568 figsok6 f1hu3pq6 f11qmguv f19f4twv f1tyq0we f1g0x7ka fhxju0i f1qch9an f1cnd47f fqv5qza f1vmzxwi f1o700av f13mvf36 f1cmlufx f9n3di6 f1ids18y f1tx3yz7 f1deo86v f1eh06m1 f1iescvh fhgqx19 f1olyrje f1p93eir f1nev41a f1h8hb77 f1lqvz6u f10aw75t fsle3fq f17ae5zn\" title=\"https:\/\/www.factory-ing.com\/\" href=\"https:\/\/www.factory-ing.com\/\" target=\"_blank\" rel=\"noreferrer noopener\" aria-label=\"Lien https:\/\/www.factory-ing.com\/\">https:\/\/www.factory-ing.com\/<\/a>\u00a0, <strong>FACTORY engineering<\/strong> collection of data concerning you. This data is processed in accordance with the purposes outlined at the time of collection and is subject to a consent request. This includes the contact forms used in the 'Contact' sections and the information entered on the job application submission site.<\/span><\/p>\t\t\t\t\t\t<\/div>\r\n\t\t\t\t<\/div>\r\n\t\t\t\t\t<\/div>\r\n\t\t\t\t<\/div>\r\n\t\t<div class=\"elementor-element elementor-element-4e0d947 e-flex e-con-boxed e-con e-parent\" data-id=\"4e0d947\" data-element_type=\"container\" data-settings=\"{&quot;content_width&quot;:&quot;boxed&quot;}\" data-core-v316-plus=\"true\">\r\n\t\t\t\t\t<div class=\"e-con-inner\">\r\n\t\t\t\t<div class=\"elementor-element elementor-element-1e12923 elementor-widget elementor-widget-spacer\" data-id=\"1e12923\" data-element_type=\"widget\" data-widget_type=\"spacer.default\">\r\n\t\t\t\t<div class=\"elementor-widget-container\">\r\n\t\t\t\t\t<div class=\"elementor-spacer\">\r\n\t\t\t<div class=\"elementor-spacer-inner\"><\/div>\r\n\t\t<\/div>\r\n\t\t\t\t<\/div>\r\n\t\t\t\t<\/div>\r\n\t\t\t\t\t<\/div>\r\n\t\t\t\t<\/div>\r\n\t\t\t\t\t\t\t<\/div>","protected":false},"excerpt":{"rendered":"<p>Politique de confidentialit\u00e9 Depuis le 25 mai 2018, le RGPD, le\u00a0R\u00e8glement G\u00e9n\u00e9ral sur la Protection des Donn\u00e9es, s\u2019applique \u00e0 tous les traitements de donn\u00e9es personnelles des individus issus de l\u2019Union Europ\u00e9enne. Identit\u00e9 du Responsable de traitement Les donn\u00e9es \u00e0 caract\u00e8re personnel sont collect\u00e9es par FACTORY Ing\u00e9nierie, Soci\u00e9t\u00e9 Par Actions Simplifi\u00e9e dont le si\u00e8ge social est &hellip;<\/p>\n<p class=\"read-more\"> <a class=\"\" href=\"https:\/\/www.factory-ingenierie.re\/en\/politique_de_confidentialite\/\"> <span class=\"screen-reader-text\">Privacy Policy<\/span> Read More &raquo;<\/a><\/p>","protected":false},"author":1,"featured_media":0,"parent":0,"menu_order":0,"comment_status":"closed","ping_status":"closed","template":"","meta":{"site-sidebar-layout":"no-sidebar","site-content-layout":"","ast-site-content-layout":"full-width-container","site-content-style":"default","site-sidebar-style":"default","ast-global-header-display":"","ast-banner-title-visibility":"","ast-main-header-display":"","ast-hfb-above-header-display":"","ast-hfb-below-header-display":"","ast-hfb-mobile-header-display":"","site-post-title":"disabled","ast-breadcrumbs-content":"","ast-featured-img":"disabled","footer-sml-layout":"","theme-transparent-header-meta":"","adv-header-id-meta":"","stick-header-meta":"","header-above-stick-meta":"","header-main-stick-meta":"","header-below-stick-meta":"","astra-migrate-meta-layouts":"","ast-page-background-enabled":"default","ast-page-background-meta":{"desktop":{"background-color":"var(--ast-global-color-4)","background-image":"","background-repeat":"repeat","background-position":"center center","background-size":"auto","background-attachment":"scroll","background-type":"","background-media":"","overlay-type":"","overlay-color":"","overlay-gradient":""},"tablet":{"background-color":"","background-image":"","background-repeat":"repeat","background-position":"center center","background-size":"auto","background-attachment":"scroll","background-type":"","background-media":"","overlay-type":"","overlay-color":"","overlay-gradient":""},"mobile":{"background-color":"","background-image":"","background-repeat":"repeat","background-position":"center center","background-size":"auto","background-attachment":"scroll","background-type":"","background-media":"","overlay-type":"","overlay-color":"","overlay-gradient":""}},"ast-content-background-meta":{"desktop":{"background-color":"var(--ast-global-color-5)","background-image":"","background-repeat":"repeat","background-position":"center center","background-size":"auto","background-attachment":"scroll","background-type":"","background-media":"","overlay-type":"","overlay-color":"","overlay-gradient":""},"tablet":{"background-color":"var(--ast-global-color-5)","background-image":"","background-repeat":"repeat","background-position":"center center","background-size":"auto","background-attachment":"scroll","background-type":"","background-media":"","overlay-type":"","overlay-color":"","overlay-gradient":""},"mobile":{"background-color":"var(--ast-global-color-5)","background-image":"","background-repeat":"repeat","background-position":"center center","background-size":"auto","background-attachment":"scroll","background-type":"","background-media":"","overlay-type":"","overlay-color":"","overlay-gradient":""}},"footnotes":""},"class_list":["post-22858","page","type-page","status-publish","hentry"],"yoast_head":"<!-- This site is optimized with the Yoast SEO plugin v21.5 - https:\/\/yoast.com\/wordpress\/plugins\/seo\/ -->\n<title>Politique de confidentialit\u00e9 - Factory<\/title>\n<meta name=\"robots\" content=\"noindex, follow\" \/>\n<meta property=\"og:locale\" content=\"en_GB\" \/>\n<meta property=\"og:type\" content=\"article\" \/>\n<meta property=\"og:title\" content=\"Politique de confidentialit\u00e9 - Factory\" \/>\n<meta property=\"og:description\" content=\"Politique de confidentialit\u00e9 Depuis le 25 mai 2018, le RGPD, le\u00a0R\u00e8glement G\u00e9n\u00e9ral sur la Protection des Donn\u00e9es, s\u2019applique \u00e0 tous les traitements de donn\u00e9es personnelles des individus issus de l\u2019Union Europ\u00e9enne. Identit\u00e9 du Responsable de traitement Les donn\u00e9es \u00e0 caract\u00e8re personnel sont collect\u00e9es par FACTORY Ing\u00e9nierie, Soci\u00e9t\u00e9 Par Actions Simplifi\u00e9e dont le si\u00e8ge social est &hellip; Politique de confidentialit\u00e9 Read More &raquo;\" \/>\n<meta property=\"og:url\" content=\"https:\/\/www.factory-ingenierie.re\/en\/politique_de_confidentialite\/\" \/>\n<meta property=\"og:site_name\" content=\"Factory\" \/>\n<meta property=\"article:modified_time\" content=\"2024-05-21T07:08:36+00:00\" \/>\n<meta name=\"twitter:card\" content=\"summary_large_image\" \/>\n<meta name=\"twitter:label1\" content=\"Estimated reading time\" \/>\n\t<meta name=\"twitter:data1\" content=\"1 minute\" \/>\n<script type=\"application\/ld+json\" class=\"yoast-schema-graph\">{\"@context\":\"https:\/\/schema.org\",\"@graph\":[{\"@type\":\"WebPage\",\"@id\":\"https:\/\/www.factory-ingenierie.re\/politique_de_confidentialite\/\",\"url\":\"https:\/\/www.factory-ingenierie.re\/politique_de_confidentialite\/\",\"name\":\"Politique de confidentialit\u00e9 - Factory\",\"isPartOf\":{\"@id\":\"https:\/\/www.factory-ingenierie.re\/#website\"},\"datePublished\":\"2023-11-17T07:38:45+00:00\",\"dateModified\":\"2024-05-21T07:08:36+00:00\",\"breadcrumb\":{\"@id\":\"https:\/\/www.factory-ingenierie.re\/politique_de_confidentialite\/#breadcrumb\"},\"inLanguage\":\"en-GB\",\"potentialAction\":[{\"@type\":\"ReadAction\",\"target\":[\"https:\/\/www.factory-ingenierie.re\/politique_de_confidentialite\/\"]}]},{\"@type\":\"BreadcrumbList\",\"@id\":\"https:\/\/www.factory-ingenierie.re\/politique_de_confidentialite\/#breadcrumb\",\"itemListElement\":[{\"@type\":\"ListItem\",\"position\":1,\"name\":\"Accueil\",\"item\":\"https:\/\/www.factory-ingenierie.re\/\"},{\"@type\":\"ListItem\",\"position\":2,\"name\":\"Politique de confidentialit\u00e9\"}]},{\"@type\":\"WebSite\",\"@id\":\"https:\/\/www.factory-ingenierie.re\/#website\",\"url\":\"https:\/\/www.factory-ingenierie.re\/\",\"name\":\"Factory\",\"description\":\"Factory Ing\u00e9nierie\",\"publisher\":{\"@id\":\"https:\/\/www.factory-ingenierie.re\/#organization\"},\"potentialAction\":[{\"@type\":\"SearchAction\",\"target\":{\"@type\":\"EntryPoint\",\"urlTemplate\":\"https:\/\/www.factory-ingenierie.re\/?s={search_term_string}\"},\"query-input\":\"required name=search_term_string\"}],\"inLanguage\":\"en-GB\"},{\"@type\":\"Organization\",\"@id\":\"https:\/\/www.factory-ingenierie.re\/#organization\",\"name\":\"Factory\",\"url\":\"https:\/\/www.factory-ingenierie.re\/\",\"logo\":{\"@type\":\"ImageObject\",\"inLanguage\":\"en-GB\",\"@id\":\"https:\/\/www.factory-ingenierie.re\/#\/schema\/logo\/image\/\",\"url\":\"https:\/\/www.factory-ingenierie.re\/wp-content\/uploads\/2023\/10\/cropped-LGO_Factory-noir-1.png\",\"contentUrl\":\"https:\/\/www.factory-ingenierie.re\/wp-content\/uploads\/2023\/10\/cropped-LGO_Factory-noir-1.png\",\"width\":545,\"height\":155,\"caption\":\"Factory\"},\"image\":{\"@id\":\"https:\/\/www.factory-ingenierie.re\/#\/schema\/logo\/image\/\"},\"sameAs\":[\"https:\/\/www.linkedin.com\/company\/factory-ingnierie\"]}]}<\/script>\n<!-- \/ Yoast SEO plugin. -->","yoast_head_json":{"title":"Politique de confidentialit\u00e9 - Factory","robots":{"index":"noindex","follow":"follow"},"og_locale":"en_GB","og_type":"article","og_title":"Politique de confidentialit\u00e9 - Factory","og_description":"Politique de confidentialit\u00e9 Depuis le 25 mai 2018, le RGPD, le\u00a0R\u00e8glement G\u00e9n\u00e9ral sur la Protection des Donn\u00e9es, s\u2019applique \u00e0 tous les traitements de donn\u00e9es personnelles des individus issus de l\u2019Union Europ\u00e9enne. Identit\u00e9 du Responsable de traitement Les donn\u00e9es \u00e0 caract\u00e8re personnel sont collect\u00e9es par FACTORY Ing\u00e9nierie, Soci\u00e9t\u00e9 Par Actions Simplifi\u00e9e dont le si\u00e8ge social est &hellip; Politique de confidentialit\u00e9 Read More &raquo;","og_url":"https:\/\/www.factory-ingenierie.re\/en\/politique_de_confidentialite\/","og_site_name":"Factory","article_modified_time":"2024-05-21T07:08:36+00:00","twitter_card":"summary_large_image","twitter_misc":{"Estimated reading time":"1 minute"},"schema":{"@context":"https:\/\/schema.org","@graph":[{"@type":"WebPage","@id":"https:\/\/www.factory-ingenierie.re\/politique_de_confidentialite\/","url":"https:\/\/www.factory-ingenierie.re\/politique_de_confidentialite\/","name":"Politique de confidentialit\u00e9 - Factory","isPartOf":{"@id":"https:\/\/www.factory-ingenierie.re\/#website"},"datePublished":"2023-11-17T07:38:45+00:00","dateModified":"2024-05-21T07:08:36+00:00","breadcrumb":{"@id":"https:\/\/www.factory-ingenierie.re\/politique_de_confidentialite\/#breadcrumb"},"inLanguage":"en-GB","potentialAction":[{"@type":"ReadAction","target":["https:\/\/www.factory-ingenierie.re\/politique_de_confidentialite\/"]}]},{"@type":"BreadcrumbList","@id":"https:\/\/www.factory-ingenierie.re\/politique_de_confidentialite\/#breadcrumb","itemListElement":[{"@type":"ListItem","position":1,"name":"Accueil","item":"https:\/\/www.factory-ingenierie.re\/"},{"@type":"ListItem","position":2,"name":"Politique de confidentialit\u00e9"}]},{"@type":"WebSite","@id":"https:\/\/www.factory-ingenierie.re\/#website","url":"https:\/\/www.factory-ingenierie.re\/","name":"Factory","description":"Factory Ing\u00e9nierie","publisher":{"@id":"https:\/\/www.factory-ingenierie.re\/#organization"},"potentialAction":[{"@type":"SearchAction","target":{"@type":"EntryPoint","urlTemplate":"https:\/\/www.factory-ingenierie.re\/?s={search_term_string}"},"query-input":"required name=search_term_string"}],"inLanguage":"en-GB"},{"@type":"Organization","@id":"https:\/\/www.factory-ingenierie.re\/#organization","name":"Factory","url":"https:\/\/www.factory-ingenierie.re\/","logo":{"@type":"ImageObject","inLanguage":"en-GB","@id":"https:\/\/www.factory-ingenierie.re\/#\/schema\/logo\/image\/","url":"https:\/\/www.factory-ingenierie.re\/wp-content\/uploads\/2023\/10\/cropped-LGO_Factory-noir-1.png","contentUrl":"https:\/\/www.factory-ingenierie.re\/wp-content\/uploads\/2023\/10\/cropped-LGO_Factory-noir-1.png","width":545,"height":155,"caption":"Factory"},"image":{"@id":"https:\/\/www.factory-ingenierie.re\/#\/schema\/logo\/image\/"},"sameAs":["https:\/\/www.linkedin.com\/company\/factory-ingnierie"]}]}},"_links":{"self":[{"href":"https:\/\/www.factory-ingenierie.re\/en\/wp-json\/wp\/v2\/pages\/22858","targetHints":{"allow":["GET"]}}],"collection":[{"href":"https:\/\/www.factory-ingenierie.re\/en\/wp-json\/wp\/v2\/pages"}],"about":[{"href":"https:\/\/www.factory-ingenierie.re\/en\/wp-json\/wp\/v2\/types\/page"}],"author":[{"embeddable":true,"href":"https:\/\/www.factory-ingenierie.re\/en\/wp-json\/wp\/v2\/users\/1"}],"replies":[{"embeddable":true,"href":"https:\/\/www.factory-ingenierie.re\/en\/wp-json\/wp\/v2\/comments?post=22858"}],"version-history":[{"count":19,"href":"https:\/\/www.factory-ingenierie.re\/en\/wp-json\/wp\/v2\/pages\/22858\/revisions"}],"predecessor-version":[{"id":22932,"href":"https:\/\/www.factory-ingenierie.re\/en\/wp-json\/wp\/v2\/pages\/22858\/revisions\/22932"}],"wp:attachment":[{"href":"https:\/\/www.factory-ingenierie.re\/en\/wp-json\/wp\/v2\/media?parent=22858"}],"curies":[{"name":"wp","href":"https:\/\/api.w.org\/{rel}","templated":true}]}}