{"id":23560,"date":"2026-03-10T11:35:06","date_gmt":"2026-03-10T11:35:06","guid":{"rendered":"https:\/\/www.factory-ingenierie.re\/?page_id=23560"},"modified":"2026-03-13T05:22:04","modified_gmt":"2026-03-13T05:22:04","slug":"actualite","status":"publish","type":"page","link":"https:\/\/www.factory-ingenierie.re\/en\/actualite\/","title":{"rendered":"Actualit\u00e9"},"content":{"rendered":"<div data-elementor-type=\"wp-page\" data-elementor-id=\"23560\" class=\"elementor elementor-23560\" data-elementor-post-type=\"page\">\r\n\t\t\t\t\t\t\t<div class=\"elementor-element elementor-element-9a17ff4 e-flex e-con-boxed e-con e-parent\" data-id=\"9a17ff4\" data-element_type=\"container\" data-settings=\"{&quot;background_background&quot;:&quot;classic&quot;,&quot;content_width&quot;:&quot;boxed&quot;}\" data-core-v316-plus=\"true\">\r\n\t\t\t\t\t<div class=\"e-con-inner\">\r\n\t\t\t\t<div class=\"elementor-element elementor-element-9a4a82c elementor-widget elementor-widget-spacer\" data-id=\"9a4a82c\" data-element_type=\"widget\" data-widget_type=\"spacer.default\">\r\n\t\t\t\t<div class=\"elementor-widget-container\">\r\n\t\t\t<style>\/*! elementor - v3.17.0 - 01-11-2023 *\/\n.elementor-column .elementor-spacer-inner{height:var(--spacer-size)}.e-con{--container-widget-width:100%}.e-con-inner>.elementor-widget-spacer,.e-con>.elementor-widget-spacer{width:var(--container-widget-width,var(--spacer-size));--align-self:var(--container-widget-align-self,initial);--flex-shrink:0}.e-con-inner>.elementor-widget-spacer>.elementor-widget-container,.e-con>.elementor-widget-spacer>.elementor-widget-container{height:100%;width:100%}.e-con-inner>.elementor-widget-spacer>.elementor-widget-container>.elementor-spacer,.e-con>.elementor-widget-spacer>.elementor-widget-container>.elementor-spacer{height:100%}.e-con-inner>.elementor-widget-spacer>.elementor-widget-container>.elementor-spacer>.elementor-spacer-inner,.e-con>.elementor-widget-spacer>.elementor-widget-container>.elementor-spacer>.elementor-spacer-inner{height:var(--container-widget-height,var(--spacer-size))}.e-con-inner>.elementor-widget-spacer.elementor-widget-empty,.e-con>.elementor-widget-spacer.elementor-widget-empty{position:relative;min-height:22px;min-width:22px}.e-con-inner>.elementor-widget-spacer.elementor-widget-empty .elementor-widget-empty-icon,.e-con>.elementor-widget-spacer.elementor-widget-empty .elementor-widget-empty-icon{position:absolute;top:0;bottom:0;left:0;right:0;margin:auto;padding:0;width:22px;height:22px}<\/style>\t\t<div class=\"elementor-spacer\">\r\n\t\t\t<div class=\"elementor-spacer-inner\"><\/div>\r\n\t\t<\/div>\r\n\t\t\t\t<\/div>\r\n\t\t\t\t<\/div>\r\n\t\t<div class=\"elementor-element elementor-element-1ecb9b7 e-flex e-con-boxed e-con e-child\" data-id=\"1ecb9b7\" data-element_type=\"container\" data-settings=\"{&quot;content_width&quot;:&quot;boxed&quot;}\">\r\n\t\t\t\t\t<div class=\"e-con-inner\">\r\n\t\t<div class=\"elementor-element elementor-element-4e34c66 e-flex e-con-boxed e-con e-child\" data-id=\"4e34c66\" data-element_type=\"container\" data-settings=\"{&quot;background_background&quot;:&quot;classic&quot;,&quot;content_width&quot;:&quot;boxed&quot;}\">\r\n\t\t\t\t\t<div class=\"e-con-inner\">\r\n\t\t<div class=\"elementor-element elementor-element-2ed9397 e-con-full e-flex e-con e-child\" data-id=\"2ed9397\" data-element_type=\"container\" data-settings=\"{&quot;content_width&quot;:&quot;full&quot;}\">\r\n\t\t\t\t<div class=\"elementor-element elementor-element-bbc30ea elementor-align-left elementor-icon-list--layout-traditional elementor-list-item-link-full_width elementor-widget elementor-widget-icon-list\" data-id=\"bbc30ea\" data-element_type=\"widget\" data-widget_type=\"icon-list.default\">\r\n\t\t\t\t<div class=\"elementor-widget-container\">\r\n\t\t\t<link rel=\"stylesheet\" href=\"https:\/\/www.factory-ingenierie.re\/wp-content\/uploads\/elementor\/css\/custom-widget-icon-list.min.css?ver=1713184915\">\t\t<ul class=\"elementor-icon-list-items\">\r\n\t\t\t\t\t\t\t<li class=\"elementor-icon-list-item\">\r\n\t\t\t\t\t\t\t\t\t\t\t<span class=\"elementor-icon-list-icon\">\r\n\t\t\t\t\t\t\t<i aria-hidden=\"true\" class=\"fas fa-archive\"><\/i>\t\t\t\t\t\t<\/span>\r\n\t\t\t\t\t\t\t\t\t\t<span class=\"elementor-icon-list-text\">Export<\/span>\r\n\t\t\t\t\t\t\t\t\t<\/li>\r\n\t\t\t\t\t\t<\/ul>\r\n\t\t\t\t<\/div>\r\n\t\t\t\t<\/div>\r\n\t\t\t\t<\/div>\r\n\t\t\t\t<div class=\"elementor-element elementor-element-f70ce95 elementor-widget elementor-widget-heading\" data-id=\"f70ce95\" data-element_type=\"widget\" data-widget_type=\"heading.default\">\r\n\t\t\t\t<div class=\"elementor-widget-container\">\r\n\t\t\t<style>\/*! elementor - v3.17.0 - 01-11-2023 *\/\n.elementor-heading-title{padding:0;margin:0;line-height:1}.elementor-widget-heading .elementor-heading-title[class*=elementor-size-]>a{color:inherit;font-size:inherit;line-height:inherit}.elementor-widget-heading .elementor-heading-title.elementor-size-small{font-size:15px}.elementor-widget-heading .elementor-heading-title.elementor-size-medium{font-size:19px}.elementor-widget-heading .elementor-heading-title.elementor-size-large{font-size:29px}.elementor-widget-heading .elementor-heading-title.elementor-size-xl{font-size:39px}.elementor-widget-heading .elementor-heading-title.elementor-size-xxl{font-size:59px}<\/style><div class=\"elementor-heading-title elementor-size-default\">A la une<\/div>\t\t<\/div>\r\n\t\t\t\t<\/div>\r\n\t\t\t\t<div class=\"elementor-element elementor-element-f459ff6 elementor-widget elementor-widget-heading\" data-id=\"f459ff6\" data-element_type=\"widget\" data-widget_type=\"heading.default\">\r\n\t\t\t\t<div class=\"elementor-widget-container\">\r\n\t\t\t<div class=\"elementor-heading-title elementor-size-default\">FACTORY Ing\u00e9nierie d\u00e9veloppe sa pr\u00e9sence en C\u00f4te d\u2019Ivoire<\/div>\t\t<\/div>\r\n\t\t\t\t<\/div>\r\n\t\t\t\t<div class=\"elementor-element elementor-element-c3a0906 elementor-widget elementor-widget-text-editor\" data-id=\"c3a0906\" data-element_type=\"widget\" data-widget_type=\"text-editor.default\">\r\n\t\t\t\t<div class=\"elementor-widget-container\">\r\n\t\t\t<style>\/*! elementor - v3.17.0 - 01-11-2023 *\/\n.elementor-widget-text-editor.elementor-drop-cap-view-stacked .elementor-drop-cap{background-color:#69727d;color:#fff}.elementor-widget-text-editor.elementor-drop-cap-view-framed .elementor-drop-cap{color:#69727d;border:3px solid;background-color:transparent}.elementor-widget-text-editor:not(.elementor-drop-cap-view-default) .elementor-drop-cap{margin-top:8px}.elementor-widget-text-editor:not(.elementor-drop-cap-view-default) .elementor-drop-cap-letter{width:1em;height:1em}.elementor-widget-text-editor .elementor-drop-cap{float:left;text-align:center;line-height:1;font-size:50px}.elementor-widget-text-editor .elementor-drop-cap-letter{display:inline-block}<\/style>\t\t\t\t<p>FACTORY Ing\u00e9nierie a particip\u00e9 \u00e0 une mission organis\u00e9e par Business France \u00e0 Abidjan afin d\u2019explorer les opportunit\u00e9s de d\u00e9veloppement en Afrique de l\u2019Ouest<\/p>\t\t\t\t\t\t<\/div>\r\n\t\t\t\t<\/div>\r\n\t\t\t\t<div class=\"elementor-element elementor-element-f91df95 elementor-widget elementor-widget-button\" data-id=\"f91df95\" data-element_type=\"widget\" data-widget_type=\"button.default\">\r\n\t\t\t\t<div class=\"elementor-widget-container\">\r\n\t\t\t\t\t<div class=\"elementor-button-wrapper\">\r\n\t\t\t<a class=\"elementor-button elementor-button-link elementor-size-sm\" href=\"https:\/\/www.factory-ingenierie.re\/en\/factory-ingenierie-developpe-sa-presence-en-cote-divoire\/\">\r\n\t\t\t\t\t\t<span class=\"elementor-button-content-wrapper\">\r\n\t\t\t\t\t\t<span class=\"elementor-button-text\">LIRE L'ARTICLE<\/span>\r\n\t\t<\/span>\r\n\t\t\t\t\t<\/a>\r\n\t\t<\/div>\r\n\t\t\t\t<\/div>\r\n\t\t\t\t<\/div>\r\n\t\t\t\t\t<\/div>\r\n\t\t\t\t<\/div>\r\n\t\t<div class=\"elementor-element elementor-element-91f9c24 e-flex e-con-boxed e-con e-child\" data-id=\"91f9c24\" data-element_type=\"container\" data-settings=\"{&quot;content_width&quot;:&quot;boxed&quot;}\">\r\n\t\t\t\t\t<div class=\"e-con-inner\">\r\n\t\t\t\t\t<\/div>\r\n\t\t\t\t<\/div>\r\n\t\t\t\t\t<\/div>\r\n\t\t\t\t<\/div>\r\n\t\t\t\t\t<\/div>\r\n\t\t\t\t<\/div>\r\n\t\t\t\t\t\t\t<\/div>","protected":false},"excerpt":{"rendered":"<p>Export A la une FACTORY Ing\u00e9nierie d\u00e9veloppe sa pr\u00e9sence en C\u00f4te d\u2019Ivoire FACTORY Ing\u00e9nierie a particip\u00e9 \u00e0 une mission organis\u00e9e par Business France \u00e0 Abidjan afin d\u2019explorer les opportunit\u00e9s de d\u00e9veloppement en Afrique de l\u2019Ouest LIRE L&rsquo;ARTICLE<\/p>","protected":false},"author":1,"featured_media":0,"parent":0,"menu_order":0,"comment_status":"closed","ping_status":"closed","template":"","meta":{"site-sidebar-layout":"no-sidebar","site-content-layout":"","ast-site-content-layout":"full-width-container","site-content-style":"default","site-sidebar-style":"default","ast-global-header-display":"","ast-banner-title-visibility":"","ast-main-header-display":"","ast-hfb-above-header-display":"","ast-hfb-below-header-display":"","ast-hfb-mobile-header-display":"","site-post-title":"disabled","ast-breadcrumbs-content":"","ast-featured-img":"disabled","footer-sml-layout":"","theme-transparent-header-meta":"","adv-header-id-meta":"","stick-header-meta":"","header-above-stick-meta":"","header-main-stick-meta":"","header-below-stick-meta":"","astra-migrate-meta-layouts":"","ast-page-background-enabled":"default","ast-page-background-meta":{"desktop":{"background-color":"var(--ast-global-color-4)","background-image":"","background-repeat":"repeat","background-position":"center center","background-size":"auto","background-attachment":"scroll","background-type":"","background-media":"","overlay-type":"","overlay-color":"","overlay-gradient":""},"tablet":{"background-color":"","background-image":"","background-repeat":"repeat","background-position":"center center","background-size":"auto","background-attachment":"scroll","background-type":"","background-media":"","overlay-type":"","overlay-color":"","overlay-gradient":""},"mobile":{"background-color":"","background-image":"","background-repeat":"repeat","background-position":"center center","background-size":"auto","background-attachment":"scroll","background-type":"","background-media":"","overlay-type":"","overlay-color":"","overlay-gradient":""}},"ast-content-background-meta":{"desktop":{"background-color":"var(--ast-global-color-5)","background-image":"","background-repeat":"repeat","background-position":"center center","background-size":"auto","background-attachment":"scroll","background-type":"","background-media":"","overlay-type":"","overlay-color":"","overlay-gradient":""},"tablet":{"background-color":"var(--ast-global-color-5)","background-image":"","background-repeat":"repeat","background-position":"center center","background-size":"auto","background-attachment":"scroll","background-type":"","background-media":"","overlay-type":"","overlay-color":"","overlay-gradient":""},"mobile":{"background-color":"var(--ast-global-color-5)","background-image":"","background-repeat":"repeat","background-position":"center center","background-size":"auto","background-attachment":"scroll","background-type":"","background-media":"","overlay-type":"","overlay-color":"","overlay-gradient":""}},"footnotes":""},"class_list":["post-23560","page","type-page","status-publish","hentry"],"yoast_head":"<!-- This site is optimized with the Yoast SEO plugin v21.5 - https:\/\/yoast.com\/wordpress\/plugins\/seo\/ -->\n<title>Actualit\u00e9 - Factory<\/title>\n<meta name=\"robots\" content=\"index, follow, max-snippet:-1, max-image-preview:large, max-video-preview:-1\" \/>\n<link rel=\"canonical\" href=\"https:\/\/www.factory-ingenierie.re\/en\/actualite\/\" \/>\n<meta property=\"og:locale\" content=\"en_GB\" \/>\n<meta property=\"og:type\" content=\"article\" \/>\n<meta property=\"og:title\" content=\"Actualit\u00e9 - Factory\" \/>\n<meta property=\"og:description\" content=\"Export A la une FACTORY Ing\u00e9nierie d\u00e9veloppe sa pr\u00e9sence en C\u00f4te d\u2019Ivoire FACTORY Ing\u00e9nierie a particip\u00e9 \u00e0 une mission organis\u00e9e par Business France \u00e0 Abidjan afin d\u2019explorer les opportunit\u00e9s de d\u00e9veloppement en Afrique de l\u2019Ouest LIRE L&rsquo;ARTICLE\" \/>\n<meta property=\"og:url\" content=\"https:\/\/www.factory-ingenierie.re\/en\/actualite\/\" \/>\n<meta property=\"og:site_name\" content=\"Factory\" \/>\n<meta property=\"article:modified_time\" content=\"2026-03-13T05:22:04+00:00\" \/>\n<meta name=\"twitter:card\" content=\"summary_large_image\" \/>\n<meta name=\"twitter:label1\" content=\"Estimated reading time\" \/>\n\t<meta name=\"twitter:data1\" content=\"1 minute\" \/>\n<script type=\"application\/ld+json\" class=\"yoast-schema-graph\">{\"@context\":\"https:\/\/schema.org\",\"@graph\":[{\"@type\":\"WebPage\",\"@id\":\"https:\/\/www.factory-ingenierie.re\/actualite\/\",\"url\":\"https:\/\/www.factory-ingenierie.re\/actualite\/\",\"name\":\"Actualit\u00e9 - Factory\",\"isPartOf\":{\"@id\":\"https:\/\/www.factory-ingenierie.re\/#website\"},\"datePublished\":\"2026-03-10T11:35:06+00:00\",\"dateModified\":\"2026-03-13T05:22:04+00:00\",\"breadcrumb\":{\"@id\":\"https:\/\/www.factory-ingenierie.re\/actualite\/#breadcrumb\"},\"inLanguage\":\"en-GB\",\"potentialAction\":[{\"@type\":\"ReadAction\",\"target\":[\"https:\/\/www.factory-ingenierie.re\/actualite\/\"]}]},{\"@type\":\"BreadcrumbList\",\"@id\":\"https:\/\/www.factory-ingenierie.re\/actualite\/#breadcrumb\",\"itemListElement\":[{\"@type\":\"ListItem\",\"position\":1,\"name\":\"Accueil\",\"item\":\"https:\/\/www.factory-ingenierie.re\/\"},{\"@type\":\"ListItem\",\"position\":2,\"name\":\"Actualit\u00e9\"}]},{\"@type\":\"WebSite\",\"@id\":\"https:\/\/www.factory-ingenierie.re\/#website\",\"url\":\"https:\/\/www.factory-ingenierie.re\/\",\"name\":\"Factory\",\"description\":\"Factory Ing\u00e9nierie\",\"publisher\":{\"@id\":\"https:\/\/www.factory-ingenierie.re\/#organization\"},\"potentialAction\":[{\"@type\":\"SearchAction\",\"target\":{\"@type\":\"EntryPoint\",\"urlTemplate\":\"https:\/\/www.factory-ingenierie.re\/?s={search_term_string}\"},\"query-input\":\"required name=search_term_string\"}],\"inLanguage\":\"en-GB\"},{\"@type\":\"Organization\",\"@id\":\"https:\/\/www.factory-ingenierie.re\/#organization\",\"name\":\"Factory\",\"url\":\"https:\/\/www.factory-ingenierie.re\/\",\"logo\":{\"@type\":\"ImageObject\",\"inLanguage\":\"en-GB\",\"@id\":\"https:\/\/www.factory-ingenierie.re\/#\/schema\/logo\/image\/\",\"url\":\"https:\/\/www.factory-ingenierie.re\/wp-content\/uploads\/2023\/10\/cropped-LGO_Factory-noir-1.png\",\"contentUrl\":\"https:\/\/www.factory-ingenierie.re\/wp-content\/uploads\/2023\/10\/cropped-LGO_Factory-noir-1.png\",\"width\":545,\"height\":155,\"caption\":\"Factory\"},\"image\":{\"@id\":\"https:\/\/www.factory-ingenierie.re\/#\/schema\/logo\/image\/\"},\"sameAs\":[\"https:\/\/www.linkedin.com\/company\/factory-ingnierie\"]}]}<\/script>\n<!-- \/ Yoast SEO plugin. -->","yoast_head_json":{"title":"Actualit\u00e9 - Factory","robots":{"index":"index","follow":"follow","max-snippet":"max-snippet:-1","max-image-preview":"max-image-preview:large","max-video-preview":"max-video-preview:-1"},"canonical":"https:\/\/www.factory-ingenierie.re\/en\/actualite\/","og_locale":"en_GB","og_type":"article","og_title":"Actualit\u00e9 - Factory","og_description":"Export A la une FACTORY Ing\u00e9nierie d\u00e9veloppe sa pr\u00e9sence en C\u00f4te d\u2019Ivoire FACTORY Ing\u00e9nierie a particip\u00e9 \u00e0 une mission organis\u00e9e par Business France \u00e0 Abidjan afin d\u2019explorer les opportunit\u00e9s de d\u00e9veloppement en Afrique de l\u2019Ouest LIRE L&rsquo;ARTICLE","og_url":"https:\/\/www.factory-ingenierie.re\/en\/actualite\/","og_site_name":"Factory","article_modified_time":"2026-03-13T05:22:04+00:00","twitter_card":"summary_large_image","twitter_misc":{"Estimated reading time":"1 minute"},"schema":{"@context":"https:\/\/schema.org","@graph":[{"@type":"WebPage","@id":"https:\/\/www.factory-ingenierie.re\/actualite\/","url":"https:\/\/www.factory-ingenierie.re\/actualite\/","name":"Actualit\u00e9 - Factory","isPartOf":{"@id":"https:\/\/www.factory-ingenierie.re\/#website"},"datePublished":"2026-03-10T11:35:06+00:00","dateModified":"2026-03-13T05:22:04+00:00","breadcrumb":{"@id":"https:\/\/www.factory-ingenierie.re\/actualite\/#breadcrumb"},"inLanguage":"en-GB","potentialAction":[{"@type":"ReadAction","target":["https:\/\/www.factory-ingenierie.re\/actualite\/"]}]},{"@type":"BreadcrumbList","@id":"https:\/\/www.factory-ingenierie.re\/actualite\/#breadcrumb","itemListElement":[{"@type":"ListItem","position":1,"name":"Accueil","item":"https:\/\/www.factory-ingenierie.re\/"},{"@type":"ListItem","position":2,"name":"Actualit\u00e9"}]},{"@type":"WebSite","@id":"https:\/\/www.factory-ingenierie.re\/#website","url":"https:\/\/www.factory-ingenierie.re\/","name":"Factory","description":"Factory Ing\u00e9nierie","publisher":{"@id":"https:\/\/www.factory-ingenierie.re\/#organization"},"potentialAction":[{"@type":"SearchAction","target":{"@type":"EntryPoint","urlTemplate":"https:\/\/www.factory-ingenierie.re\/?s={search_term_string}"},"query-input":"required name=search_term_string"}],"inLanguage":"en-GB"},{"@type":"Organization","@id":"https:\/\/www.factory-ingenierie.re\/#organization","name":"Factory","url":"https:\/\/www.factory-ingenierie.re\/","logo":{"@type":"ImageObject","inLanguage":"en-GB","@id":"https:\/\/www.factory-ingenierie.re\/#\/schema\/logo\/image\/","url":"https:\/\/www.factory-ingenierie.re\/wp-content\/uploads\/2023\/10\/cropped-LGO_Factory-noir-1.png","contentUrl":"https:\/\/www.factory-ingenierie.re\/wp-content\/uploads\/2023\/10\/cropped-LGO_Factory-noir-1.png","width":545,"height":155,"caption":"Factory"},"image":{"@id":"https:\/\/www.factory-ingenierie.re\/#\/schema\/logo\/image\/"},"sameAs":["https:\/\/www.linkedin.com\/company\/factory-ingnierie"]}]}},"_links":{"self":[{"href":"https:\/\/www.factory-ingenierie.re\/en\/wp-json\/wp\/v2\/pages\/23560","targetHints":{"allow":["GET"]}}],"collection":[{"href":"https:\/\/www.factory-ingenierie.re\/en\/wp-json\/wp\/v2\/pages"}],"about":[{"href":"https:\/\/www.factory-ingenierie.re\/en\/wp-json\/wp\/v2\/types\/page"}],"author":[{"embeddable":true,"href":"https:\/\/www.factory-ingenierie.re\/en\/wp-json\/wp\/v2\/users\/1"}],"replies":[{"embeddable":true,"href":"https:\/\/www.factory-ingenierie.re\/en\/wp-json\/wp\/v2\/comments?post=23560"}],"version-history":[{"count":34,"href":"https:\/\/www.factory-ingenierie.re\/en\/wp-json\/wp\/v2\/pages\/23560\/revisions"}],"predecessor-version":[{"id":23646,"href":"https:\/\/www.factory-ingenierie.re\/en\/wp-json\/wp\/v2\/pages\/23560\/revisions\/23646"}],"wp:attachment":[{"href":"https:\/\/www.factory-ingenierie.re\/en\/wp-json\/wp\/v2\/media?parent=23560"}],"curies":[{"name":"wp","href":"https:\/\/api.w.org\/{rel}","templated":true}]}}